{"id":1031,"date":"2023-03-01T10:47:00","date_gmt":"2023-03-01T10:47:00","guid":{"rendered":"http:\/\/traveladam.dk\/?page_id=1031"},"modified":"2023-11-28T12:28:01","modified_gmt":"2023-11-28T12:28:01","slug":"more-pictures-2023","status":"publish","type":"page","link":"https:\/\/traveladam.dk\/?page_id=1031","title":{"rendered":"More Pictures &#8211; 2023"},"content":{"rendered":"\n<h2 class=\"wp-block-heading\">Slovakia &amp; Poland, July 2023<\/h2>\n\n\n\n<ul class=\"wp-block-gallery columns-3 is-cropped wp-block-gallery-1 is-layout-flex wp-block-gallery-is-layout-flex\"><li class=\"blocks-gallery-item\"><figure><img loading=\"lazy\" decoding=\"async\" width=\"1024\" height=\"576\" src=\"http:\/\/traveladam.dk\/wp-content\/uploads\/2023\/07\/IMG_5271-1024x576.jpeg\" alt=\"\" data-id=\"1074\" data-link=\"http:\/\/traveladam.dk\/?attachment_id=1074\" class=\"wp-image-1074\" srcset=\"https:\/\/traveladam.dk\/wp-content\/uploads\/2023\/07\/IMG_5271-1024x576.jpeg 1024w, https:\/\/traveladam.dk\/wp-content\/uploads\/2023\/07\/IMG_5271-300x169.jpeg 300w, https:\/\/traveladam.dk\/wp-content\/uploads\/2023\/07\/IMG_5271-768x432.jpeg 768w\" sizes=\"auto, (max-width: 1024px) 100vw, 1024px\" \/><figcaption>Krakow, Poland<\/figcaption><\/figure><\/li><li class=\"blocks-gallery-item\"><figure><img loading=\"lazy\" decoding=\"async\" width=\"576\" height=\"1024\" src=\"http:\/\/traveladam.dk\/wp-content\/uploads\/2023\/07\/IMG_5225-576x1024.jpeg\" alt=\"\" data-id=\"1072\" data-link=\"http:\/\/traveladam.dk\/?attachment_id=1072\" class=\"wp-image-1072\" srcset=\"https:\/\/traveladam.dk\/wp-content\/uploads\/2023\/07\/IMG_5225-576x1024.jpeg 576w, https:\/\/traveladam.dk\/wp-content\/uploads\/2023\/07\/IMG_5225-169x300.jpeg 169w, https:\/\/traveladam.dk\/wp-content\/uploads\/2023\/07\/IMG_5225-768x1365.jpeg 768w\" sizes=\"auto, (max-width: 576px) 100vw, 576px\" \/><figcaption>Bil\u00edkova chata, Vysok\u00e9 Tatry-Star\u00fd Smokovec, Slovakia<\/figcaption><\/figure><\/li><li class=\"blocks-gallery-item\"><figure><img loading=\"lazy\" decoding=\"async\" width=\"1024\" height=\"576\" src=\"http:\/\/traveladam.dk\/wp-content\/uploads\/2023\/07\/IMG_5269-1024x576.jpeg\" alt=\"\" data-id=\"1073\" data-link=\"http:\/\/traveladam.dk\/?attachment_id=1073\" class=\"wp-image-1073\" srcset=\"https:\/\/traveladam.dk\/wp-content\/uploads\/2023\/07\/IMG_5269-1024x576.jpeg 1024w, https:\/\/traveladam.dk\/wp-content\/uploads\/2023\/07\/IMG_5269-300x169.jpeg 300w, https:\/\/traveladam.dk\/wp-content\/uploads\/2023\/07\/IMG_5269-768x432.jpeg 768w\" sizes=\"auto, (max-width: 1024px) 100vw, 1024px\" \/><figcaption>Old Town, Krakow<\/figcaption><\/figure><\/li><li class=\"blocks-gallery-item\"><figure><img loading=\"lazy\" decoding=\"async\" width=\"576\" height=\"1024\" src=\"http:\/\/traveladam.dk\/wp-content\/uploads\/2023\/07\/IMG_5167-576x1024.jpeg\" alt=\"\" data-id=\"1069\" data-link=\"http:\/\/traveladam.dk\/?attachment_id=1069\" class=\"wp-image-1069\" srcset=\"https:\/\/traveladam.dk\/wp-content\/uploads\/2023\/07\/IMG_5167-576x1024.jpeg 576w, https:\/\/traveladam.dk\/wp-content\/uploads\/2023\/07\/IMG_5167-169x300.jpeg 169w, https:\/\/traveladam.dk\/wp-content\/uploads\/2023\/07\/IMG_5167-768x1365.jpeg 768w\" sizes=\"auto, (max-width: 576px) 100vw, 576px\" \/><figcaption>Ko\u0161ice, Slovakia<\/figcaption><\/figure><\/li><li class=\"blocks-gallery-item\"><figure><img loading=\"lazy\" decoding=\"async\" width=\"576\" height=\"1024\" src=\"http:\/\/traveladam.dk\/wp-content\/uploads\/2023\/07\/56DBFD62-4005-42E0-92F3-3FADA176DF8A-576x1024.jpeg\" alt=\"\" data-id=\"1080\" data-link=\"http:\/\/traveladam.dk\/?attachment_id=1080\" class=\"wp-image-1080\" srcset=\"https:\/\/traveladam.dk\/wp-content\/uploads\/2023\/07\/56DBFD62-4005-42E0-92F3-3FADA176DF8A-576x1024.jpeg 576w, https:\/\/traveladam.dk\/wp-content\/uploads\/2023\/07\/56DBFD62-4005-42E0-92F3-3FADA176DF8A-169x300.jpeg 169w, https:\/\/traveladam.dk\/wp-content\/uploads\/2023\/07\/56DBFD62-4005-42E0-92F3-3FADA176DF8A.jpeg 750w\" sizes=\"auto, (max-width: 576px) 100vw, 576px\" \/><figcaption>Excellent Pizza, Krakow<\/figcaption><\/figure><\/li><li class=\"blocks-gallery-item\"><figure><img loading=\"lazy\" decoding=\"async\" width=\"576\" height=\"1024\" src=\"http:\/\/traveladam.dk\/wp-content\/uploads\/2023\/07\/E00A94E9-AF0E-4101-9BCC-6853A79ADED8-576x1024.jpeg\" alt=\"\" data-id=\"1081\" data-link=\"http:\/\/traveladam.dk\/?attachment_id=1081\" class=\"wp-image-1081\" srcset=\"https:\/\/traveladam.dk\/wp-content\/uploads\/2023\/07\/E00A94E9-AF0E-4101-9BCC-6853A79ADED8-576x1024.jpeg 576w, https:\/\/traveladam.dk\/wp-content\/uploads\/2023\/07\/E00A94E9-AF0E-4101-9BCC-6853A79ADED8-169x300.jpeg 169w, https:\/\/traveladam.dk\/wp-content\/uploads\/2023\/07\/E00A94E9-AF0E-4101-9BCC-6853A79ADED8.jpeg 750w\" sizes=\"auto, (max-width: 576px) 100vw, 576px\" \/><figcaption>Ko\u0161ice, Slovakia<\/figcaption><\/figure><\/li><li class=\"blocks-gallery-item\"><figure><img loading=\"lazy\" decoding=\"async\" width=\"768\" height=\"1024\" src=\"http:\/\/traveladam.dk\/wp-content\/uploads\/2023\/07\/IMG_0112-768x1024.jpeg\" alt=\"\" data-id=\"1082\" data-link=\"http:\/\/traveladam.dk\/?attachment_id=1082\" class=\"wp-image-1082\" srcset=\"https:\/\/traveladam.dk\/wp-content\/uploads\/2023\/07\/IMG_0112-768x1024.jpeg 768w, https:\/\/traveladam.dk\/wp-content\/uploads\/2023\/07\/IMG_0112-225x300.jpeg 225w\" sizes=\"auto, (max-width: 768px) 100vw, 768px\" \/><figcaption>Slovakia<\/figcaption><\/figure><\/li><li class=\"blocks-gallery-item\"><figure><img loading=\"lazy\" decoding=\"async\" width=\"768\" height=\"1024\" src=\"http:\/\/traveladam.dk\/wp-content\/uploads\/2023\/07\/IMG_5189-768x1024.jpeg\" alt=\"\" data-id=\"1083\" data-link=\"http:\/\/traveladam.dk\/?attachment_id=1083\" class=\"wp-image-1083\" srcset=\"https:\/\/traveladam.dk\/wp-content\/uploads\/2023\/07\/IMG_5189-768x1024.jpeg 768w, https:\/\/traveladam.dk\/wp-content\/uploads\/2023\/07\/IMG_5189-225x300.jpeg 225w\" sizes=\"auto, (max-width: 768px) 100vw, 768px\" \/><figcaption>Margalith&#8217;s Birthday Sushi, Slovakia<\/figcaption><\/figure><\/li><li class=\"blocks-gallery-item\"><figure><img loading=\"lazy\" decoding=\"async\" width=\"1024\" height=\"576\" src=\"http:\/\/traveladam.dk\/wp-content\/uploads\/2023\/07\/IMG_5207-1024x576.jpeg\" alt=\"\" data-id=\"1084\" data-link=\"http:\/\/traveladam.dk\/?attachment_id=1084\" class=\"wp-image-1084\" srcset=\"https:\/\/traveladam.dk\/wp-content\/uploads\/2023\/07\/IMG_5207-1024x576.jpeg 1024w, https:\/\/traveladam.dk\/wp-content\/uploads\/2023\/07\/IMG_5207-300x169.jpeg 300w, https:\/\/traveladam.dk\/wp-content\/uploads\/2023\/07\/IMG_5207-768x432.jpeg 768w\" sizes=\"auto, (max-width: 1024px) 100vw, 1024px\" \/><\/figure><\/li><li class=\"blocks-gallery-item\"><figure><img loading=\"lazy\" decoding=\"async\" width=\"768\" height=\"1024\" src=\"http:\/\/traveladam.dk\/wp-content\/uploads\/2023\/07\/IMG_5215-768x1024.jpeg\" alt=\"\" data-id=\"1085\" data-link=\"http:\/\/traveladam.dk\/?attachment_id=1085\" class=\"wp-image-1085\" srcset=\"https:\/\/traveladam.dk\/wp-content\/uploads\/2023\/07\/IMG_5215-768x1024.jpeg 768w, https:\/\/traveladam.dk\/wp-content\/uploads\/2023\/07\/IMG_5215-225x300.jpeg 225w\" sizes=\"auto, (max-width: 768px) 100vw, 768px\" \/><\/figure><\/li><li class=\"blocks-gallery-item\"><figure><img loading=\"lazy\" decoding=\"async\" width=\"768\" height=\"1024\" src=\"http:\/\/traveladam.dk\/wp-content\/uploads\/2023\/07\/IMG_5289-768x1024.jpeg\" alt=\"\" data-id=\"1086\" data-link=\"http:\/\/traveladam.dk\/?attachment_id=1086\" class=\"wp-image-1086\" srcset=\"https:\/\/traveladam.dk\/wp-content\/uploads\/2023\/07\/IMG_5289-768x1024.jpeg 768w, https:\/\/traveladam.dk\/wp-content\/uploads\/2023\/07\/IMG_5289-225x300.jpeg 225w\" sizes=\"auto, (max-width: 768px) 100vw, 768px\" \/><figcaption>Krakow<\/figcaption><\/figure><\/li><\/ul>\n\n\n\n<h2 class=\"wp-block-heading\">London &#8211; February 2023<\/h2>\n\n\n\n<p>Brought Lihie to London in February 2023 while I had a meeting, Auntie Ilana came to be with Lihie. <\/p>\n\n\n\n<ul class=\"wp-block-gallery columns-3 is-cropped wp-block-gallery-2 is-layout-flex wp-block-gallery-is-layout-flex\"><li class=\"blocks-gallery-item\"><figure><img loading=\"lazy\" decoding=\"async\" width=\"768\" height=\"1024\" src=\"http:\/\/traveladam.dk\/wp-content\/uploads\/2023\/03\/F42EC5DE-E98F-453A-8F50-799818E22051_1_105_c-768x1024.jpeg\" alt=\"\" data-id=\"1029\" data-link=\"http:\/\/traveladam.dk\/?attachment_id=1029\" class=\"wp-image-1029\" srcset=\"https:\/\/traveladam.dk\/wp-content\/uploads\/2023\/03\/F42EC5DE-E98F-453A-8F50-799818E22051_1_105_c.jpeg 768w, https:\/\/traveladam.dk\/wp-content\/uploads\/2023\/03\/F42EC5DE-E98F-453A-8F50-799818E22051_1_105_c-225x300.jpeg 225w\" sizes=\"auto, (max-width: 768px) 100vw, 768px\" \/><figcaption>Camden<\/figcaption><\/figure><\/li><li class=\"blocks-gallery-item\"><figure><img loading=\"lazy\" decoding=\"async\" width=\"1024\" height=\"768\" src=\"http:\/\/traveladam.dk\/wp-content\/uploads\/2023\/03\/FF4E7BB9-3427-480B-B556-4F2A0A9F388C_1_105_c-1024x768.jpeg\" alt=\"\" data-id=\"1028\" data-link=\"http:\/\/traveladam.dk\/?attachment_id=1028\" class=\"wp-image-1028\" srcset=\"https:\/\/traveladam.dk\/wp-content\/uploads\/2023\/03\/FF4E7BB9-3427-480B-B556-4F2A0A9F388C_1_105_c.jpeg 1024w, https:\/\/traveladam.dk\/wp-content\/uploads\/2023\/03\/FF4E7BB9-3427-480B-B556-4F2A0A9F388C_1_105_c-300x225.jpeg 300w, https:\/\/traveladam.dk\/wp-content\/uploads\/2023\/03\/FF4E7BB9-3427-480B-B556-4F2A0A9F388C_1_105_c-768x576.jpeg 768w\" sizes=\"auto, (max-width: 1024px) 100vw, 1024px\" \/><figcaption>London Bridge<\/figcaption><\/figure><\/li><li class=\"blocks-gallery-item\"><figure><img loading=\"lazy\" decoding=\"async\" width=\"768\" height=\"1024\" src=\"http:\/\/traveladam.dk\/wp-content\/uploads\/2023\/03\/1B3FD851-5972-42E4-B495-6ED183A90035_1_105_c-768x1024.jpeg\" alt=\"\" data-id=\"1027\" data-link=\"http:\/\/traveladam.dk\/?attachment_id=1027\" class=\"wp-image-1027\" srcset=\"https:\/\/traveladam.dk\/wp-content\/uploads\/2023\/03\/1B3FD851-5972-42E4-B495-6ED183A90035_1_105_c.jpeg 768w, https:\/\/traveladam.dk\/wp-content\/uploads\/2023\/03\/1B3FD851-5972-42E4-B495-6ED183A90035_1_105_c-225x300.jpeg 225w\" sizes=\"auto, (max-width: 768px) 100vw, 768px\" \/><figcaption>Aldwych Theatre<\/figcaption><\/figure><\/li><li class=\"blocks-gallery-item\"><figure><img loading=\"lazy\" decoding=\"async\" width=\"1024\" height=\"769\" src=\"http:\/\/traveladam.dk\/wp-content\/uploads\/2023\/03\/928BAB6F-7207-4DC4-A8A2-116B9632A53E_1_105_c-1024x769.jpeg\" alt=\"\" data-id=\"1026\" data-link=\"http:\/\/traveladam.dk\/?attachment_id=1026\" class=\"wp-image-1026\" srcset=\"https:\/\/traveladam.dk\/wp-content\/uploads\/2023\/03\/928BAB6F-7207-4DC4-A8A2-116B9632A53E_1_105_c.jpeg 1024w, https:\/\/traveladam.dk\/wp-content\/uploads\/2023\/03\/928BAB6F-7207-4DC4-A8A2-116B9632A53E_1_105_c-300x225.jpeg 300w, https:\/\/traveladam.dk\/wp-content\/uploads\/2023\/03\/928BAB6F-7207-4DC4-A8A2-116B9632A53E_1_105_c-768x577.jpeg 768w\" sizes=\"auto, (max-width: 1024px) 100vw, 1024px\" \/><figcaption>TINA Musical<\/figcaption><\/figure><\/li><li class=\"blocks-gallery-item\"><figure><img loading=\"lazy\" decoding=\"async\" width=\"769\" height=\"1024\" src=\"http:\/\/traveladam.dk\/wp-content\/uploads\/2023\/03\/DA711658-52DC-4295-98EA-6E69103A4F80_1_105_c-769x1024.jpeg\" alt=\"\" data-id=\"1024\" data-link=\"http:\/\/traveladam.dk\/?attachment_id=1024\" class=\"wp-image-1024\" srcset=\"https:\/\/traveladam.dk\/wp-content\/uploads\/2023\/03\/DA711658-52DC-4295-98EA-6E69103A4F80_1_105_c.jpeg 769w, https:\/\/traveladam.dk\/wp-content\/uploads\/2023\/03\/DA711658-52DC-4295-98EA-6E69103A4F80_1_105_c-225x300.jpeg 225w, https:\/\/traveladam.dk\/wp-content\/uploads\/2023\/03\/DA711658-52DC-4295-98EA-6E69103A4F80_1_105_c-768x1023.jpeg 768w\" sizes=\"auto, (max-width: 769px) 100vw, 769px\" \/><figcaption>Chinatown<\/figcaption><\/figure><\/li><li class=\"blocks-gallery-item\"><figure><img loading=\"lazy\" decoding=\"async\" width=\"768\" height=\"1024\" src=\"http:\/\/traveladam.dk\/wp-content\/uploads\/2023\/03\/051F66E3-D2EE-46E1-8D5B-414E7F0A1FE7_1_105_c-768x1024.jpeg\" alt=\"\" data-id=\"1025\" data-link=\"http:\/\/traveladam.dk\/?attachment_id=1025\" class=\"wp-image-1025\" srcset=\"https:\/\/traveladam.dk\/wp-content\/uploads\/2023\/03\/051F66E3-D2EE-46E1-8D5B-414E7F0A1FE7_1_105_c.jpeg 768w, https:\/\/traveladam.dk\/wp-content\/uploads\/2023\/03\/051F66E3-D2EE-46E1-8D5B-414E7F0A1FE7_1_105_c-225x300.jpeg 225w\" sizes=\"auto, (max-width: 768px) 100vw, 768px\" \/><figcaption>Chinatown<\/figcaption><\/figure><\/li><li class=\"blocks-gallery-item\"><figure><img loading=\"lazy\" decoding=\"async\" width=\"1024\" height=\"768\" src=\"http:\/\/traveladam.dk\/wp-content\/uploads\/2023\/03\/1549399B-1FC6-440B-A268-80E65659EE76_1_105_c-1024x768.jpeg\" alt=\"\" data-id=\"1020\" data-link=\"http:\/\/traveladam.dk\/?attachment_id=1020\" class=\"wp-image-1020\" srcset=\"https:\/\/traveladam.dk\/wp-content\/uploads\/2023\/03\/1549399B-1FC6-440B-A268-80E65659EE76_1_105_c.jpeg 1024w, https:\/\/traveladam.dk\/wp-content\/uploads\/2023\/03\/1549399B-1FC6-440B-A268-80E65659EE76_1_105_c-300x225.jpeg 300w, https:\/\/traveladam.dk\/wp-content\/uploads\/2023\/03\/1549399B-1FC6-440B-A268-80E65659EE76_1_105_c-768x576.jpeg 768w\" sizes=\"auto, (max-width: 1024px) 100vw, 1024px\" \/><figcaption>First Day in London<\/figcaption><\/figure><\/li><li class=\"blocks-gallery-item\"><figure><img loading=\"lazy\" decoding=\"async\" width=\"768\" height=\"1024\" src=\"http:\/\/traveladam.dk\/wp-content\/uploads\/2023\/03\/72AF6015-65CB-49F7-A9FF-9944F8108A91_1_105_c-768x1024.jpeg\" alt=\"\" data-id=\"1021\" data-link=\"http:\/\/traveladam.dk\/?attachment_id=1021\" class=\"wp-image-1021\" srcset=\"https:\/\/traveladam.dk\/wp-content\/uploads\/2023\/03\/72AF6015-65CB-49F7-A9FF-9944F8108A91_1_105_c.jpeg 768w, https:\/\/traveladam.dk\/wp-content\/uploads\/2023\/03\/72AF6015-65CB-49F7-A9FF-9944F8108A91_1_105_c-225x300.jpeg 225w\" sizes=\"auto, (max-width: 768px) 100vw, 768px\" \/><figcaption>Salesforce Tower &#8211; Work<\/figcaption><\/figure><\/li><li class=\"blocks-gallery-item\"><figure><img loading=\"lazy\" decoding=\"async\" width=\"769\" height=\"1024\" src=\"http:\/\/traveladam.dk\/wp-content\/uploads\/2023\/03\/EE04CFEC-C239-42F0-A3F6-2C95C557AAAC_1_105_c-769x1024.jpeg\" alt=\"\" data-id=\"1022\" data-link=\"http:\/\/traveladam.dk\/?attachment_id=1022\" class=\"wp-image-1022\" srcset=\"https:\/\/traveladam.dk\/wp-content\/uploads\/2023\/03\/EE04CFEC-C239-42F0-A3F6-2C95C557AAAC_1_105_c.jpeg 769w, https:\/\/traveladam.dk\/wp-content\/uploads\/2023\/03\/EE04CFEC-C239-42F0-A3F6-2C95C557AAAC_1_105_c-225x300.jpeg 225w, https:\/\/traveladam.dk\/wp-content\/uploads\/2023\/03\/EE04CFEC-C239-42F0-A3F6-2C95C557AAAC_1_105_c-768x1023.jpeg 768w\" sizes=\"auto, (max-width: 769px) 100vw, 769px\" \/><figcaption>Tower Bridge<\/figcaption><\/figure><\/li><li class=\"blocks-gallery-item\"><figure><img loading=\"lazy\" decoding=\"async\" width=\"768\" height=\"1024\" src=\"http:\/\/traveladam.dk\/wp-content\/uploads\/2023\/03\/D368D055-7F35-47CF-9492-9E30A813685F_1_102_a-768x1024.jpeg\" alt=\"\" data-id=\"1023\" data-link=\"http:\/\/traveladam.dk\/?attachment_id=1023\" class=\"wp-image-1023\" srcset=\"https:\/\/traveladam.dk\/wp-content\/uploads\/2023\/03\/D368D055-7F35-47CF-9492-9E30A813685F_1_102_a-768x1024.jpeg 768w, https:\/\/traveladam.dk\/wp-content\/uploads\/2023\/03\/D368D055-7F35-47CF-9492-9E30A813685F_1_102_a-225x300.jpeg 225w, https:\/\/traveladam.dk\/wp-content\/uploads\/2023\/03\/D368D055-7F35-47CF-9492-9E30A813685F_1_102_a.jpeg 1535w\" sizes=\"auto, (max-width: 768px) 100vw, 768px\" \/><figcaption>After Work<\/figcaption><\/figure><\/li><\/ul>\n\n\n\n<h2 class=\"wp-block-heading\">Israel Pesach 2023 <\/h2>\n\n\n\n<figure class=\"wp-block-image\"><img loading=\"lazy\" decoding=\"async\" width=\"1024\" height=\"461\" src=\"http:\/\/traveladam.dk\/wp-content\/uploads\/2023\/04\/PHOTO-2023-04-12-16-27-00-2-1-1024x461.jpeg\" alt=\"\" class=\"wp-image-1050\" srcset=\"https:\/\/traveladam.dk\/wp-content\/uploads\/2023\/04\/PHOTO-2023-04-12-16-27-00-2-1-1024x461.jpeg 1024w, https:\/\/traveladam.dk\/wp-content\/uploads\/2023\/04\/PHOTO-2023-04-12-16-27-00-2-1-300x135.jpeg 300w, https:\/\/traveladam.dk\/wp-content\/uploads\/2023\/04\/PHOTO-2023-04-12-16-27-00-2-1-768x346.jpeg 768w, https:\/\/traveladam.dk\/wp-content\/uploads\/2023\/04\/PHOTO-2023-04-12-16-27-00-2-1.jpeg 1600w\" sizes=\"auto, (max-width: 1024px) 100vw, 1024px\" \/><figcaption>Weisman Family April 2023 &#8211; Haifa, Israel<\/figcaption><\/figure>\n\n\n\n<ul class=\"wp-block-gallery columns-3 is-cropped wp-block-gallery-3 is-layout-flex wp-block-gallery-is-layout-flex\"><li class=\"blocks-gallery-item\"><figure><img loading=\"lazy\" decoding=\"async\" width=\"605\" height=\"806\" src=\"http:\/\/traveladam.dk\/wp-content\/uploads\/2023\/04\/2023_Jaffa_2.jpeg\" alt=\"\" data-id=\"1047\" data-link=\"http:\/\/traveladam.dk\/?attachment_id=1047\" class=\"wp-image-1047\" srcset=\"https:\/\/traveladam.dk\/wp-content\/uploads\/2023\/04\/2023_Jaffa_2.jpeg 605w, https:\/\/traveladam.dk\/wp-content\/uploads\/2023\/04\/2023_Jaffa_2-225x300.jpeg 225w\" sizes=\"auto, (max-width: 605px) 100vw, 605px\" \/><\/figure><\/li><li class=\"blocks-gallery-item\"><figure><img loading=\"lazy\" decoding=\"async\" width=\"772\" height=\"580\" src=\"http:\/\/traveladam.dk\/wp-content\/uploads\/2023\/04\/2023_Jaffa.jpeg\" alt=\"\" data-id=\"1048\" data-link=\"http:\/\/traveladam.dk\/?attachment_id=1048\" class=\"wp-image-1048\" srcset=\"https:\/\/traveladam.dk\/wp-content\/uploads\/2023\/04\/2023_Jaffa.jpeg 772w, https:\/\/traveladam.dk\/wp-content\/uploads\/2023\/04\/2023_Jaffa-300x225.jpeg 300w, https:\/\/traveladam.dk\/wp-content\/uploads\/2023\/04\/2023_Jaffa-768x577.jpeg 768w\" sizes=\"auto, (max-width: 772px) 100vw, 772px\" \/><figcaption>Jaffa, 2023<\/figcaption><\/figure><\/li><li class=\"blocks-gallery-item\"><figure><img loading=\"lazy\" decoding=\"async\" width=\"1024\" height=\"576\" src=\"http:\/\/traveladam.dk\/wp-content\/uploads\/2023\/04\/IMG_4753-1024x576.jpeg\" alt=\"\" data-id=\"1052\" data-link=\"http:\/\/traveladam.dk\/?attachment_id=1052\" class=\"wp-image-1052\" srcset=\"https:\/\/traveladam.dk\/wp-content\/uploads\/2023\/04\/IMG_4753-1024x576.jpeg 1024w, https:\/\/traveladam.dk\/wp-content\/uploads\/2023\/04\/IMG_4753-300x169.jpeg 300w, https:\/\/traveladam.dk\/wp-content\/uploads\/2023\/04\/IMG_4753-768x432.jpeg 768w\" sizes=\"auto, (max-width: 1024px) 100vw, 1024px\" \/><\/figure><\/li><li class=\"blocks-gallery-item\"><figure><img loading=\"lazy\" decoding=\"async\" width=\"1024\" height=\"768\" src=\"http:\/\/traveladam.dk\/wp-content\/uploads\/2023\/04\/Fatoot_with_NavonFamily-1024x768.jpeg\" alt=\"\" data-id=\"1053\" data-link=\"http:\/\/traveladam.dk\/?attachment_id=1053\" class=\"wp-image-1053\" srcset=\"https:\/\/traveladam.dk\/wp-content\/uploads\/2023\/04\/Fatoot_with_NavonFamily-1024x768.jpeg 1024w, https:\/\/traveladam.dk\/wp-content\/uploads\/2023\/04\/Fatoot_with_NavonFamily-300x225.jpeg 300w, https:\/\/traveladam.dk\/wp-content\/uploads\/2023\/04\/Fatoot_with_NavonFamily-768x576.jpeg 768w, https:\/\/traveladam.dk\/wp-content\/uploads\/2023\/04\/Fatoot_with_NavonFamily.jpeg 1599w\" sizes=\"auto, (max-width: 1024px) 100vw, 1024px\" \/><figcaption>Eating Fatoot with Navon Family in Tel Mond<\/figcaption><\/figure><\/li><\/ul>\n\n\n\n<h2 class=\"wp-block-heading\">Rome &amp; Florence, Italy &#8211; November 2023<\/h2>\n\n\n\n<ul class=\"wp-block-gallery columns-1 wp-block-gallery-4 is-layout-flex wp-block-gallery-is-layout-flex\"><li class=\"blocks-gallery-item\"><figure><img loading=\"lazy\" decoding=\"async\" width=\"1024\" height=\"575\" src=\"http:\/\/traveladam.dk\/wp-content\/uploads\/2023\/11\/SpanishSteps-1-1024x575.jpeg\" alt=\"\" data-id=\"1533\" data-link=\"http:\/\/traveladam.dk\/?attachment_id=1533\" class=\"wp-image-1533\" srcset=\"https:\/\/traveladam.dk\/wp-content\/uploads\/2023\/11\/SpanishSteps-1-1024x575.jpeg 1024w, https:\/\/traveladam.dk\/wp-content\/uploads\/2023\/11\/SpanishSteps-1-300x169.jpeg 300w, https:\/\/traveladam.dk\/wp-content\/uploads\/2023\/11\/SpanishSteps-1-768x432.jpeg 768w, https:\/\/traveladam.dk\/wp-content\/uploads\/2023\/11\/SpanishSteps-1-535x301.jpeg 535w, https:\/\/traveladam.dk\/wp-content\/uploads\/2023\/11\/SpanishSteps-1.jpeg 1331w\" sizes=\"auto, (max-width: 1024px) 100vw, 1024px\" \/><figcaption>Spanish Steps, Rome, Italy<\/figcaption><\/figure><\/li><\/ul>\n\n\n\n<figure class=\"wp-block-image\"><img loading=\"lazy\" decoding=\"async\" width=\"576\" height=\"1024\" src=\"http:\/\/traveladam.dk\/wp-content\/uploads\/2023\/11\/FlorenceAdam-576x1024.jpeg\" alt=\"\" class=\"wp-image-1535\" srcset=\"https:\/\/traveladam.dk\/wp-content\/uploads\/2023\/11\/FlorenceAdam-576x1024.jpeg 576w, https:\/\/traveladam.dk\/wp-content\/uploads\/2023\/11\/FlorenceAdam-169x300.jpeg 169w, https:\/\/traveladam.dk\/wp-content\/uploads\/2023\/11\/FlorenceAdam-768x1365.jpeg 768w, https:\/\/traveladam.dk\/wp-content\/uploads\/2023\/11\/FlorenceAdam-535x951.jpeg 535w\" sizes=\"auto, (max-width: 576px) 100vw, 576px\" \/><figcaption><strong>Florence<\/strong>, Italy<\/figcaption><\/figure>\n\n\n\n<figure class=\"wp-block-image\"><img loading=\"lazy\" decoding=\"async\" width=\"1024\" height=\"575\" src=\"http:\/\/traveladam.dk\/wp-content\/uploads\/2023\/11\/Rome_Adam-1-1024x575.jpeg\" alt=\"\" class=\"wp-image-1537\" srcset=\"https:\/\/traveladam.dk\/wp-content\/uploads\/2023\/11\/Rome_Adam-1-1024x575.jpeg 1024w, https:\/\/traveladam.dk\/wp-content\/uploads\/2023\/11\/Rome_Adam-1-300x169.jpeg 300w, https:\/\/traveladam.dk\/wp-content\/uploads\/2023\/11\/Rome_Adam-1-768x432.jpeg 768w, https:\/\/traveladam.dk\/wp-content\/uploads\/2023\/11\/Rome_Adam-1-535x301.jpeg 535w, https:\/\/traveladam.dk\/wp-content\/uploads\/2023\/11\/Rome_Adam-1.jpeg 1331w\" sizes=\"auto, (max-width: 1024px) 100vw, 1024px\" \/><figcaption><strong>Rome<\/strong><\/figcaption><\/figure>\n","protected":false},"excerpt":{"rendered":"<p>Slovakia &amp; Poland, July 2023 London &#8211; February 2023 Brought Lihie to London in February 2023 while I had a meeting, Auntie Ilana came to be with Lihie. Israel Pesach 2023 Rome &amp; Florence, Italy &#8211; November 2023<\/p>\n","protected":false},"author":1,"featured_media":0,"parent":0,"menu_order":0,"comment_status":"closed","ping_status":"closed","template":"","meta":{"footnotes":""},"class_list":["post-1031","page","type-page","status-publish","hentry"],"_links":{"self":[{"href":"https:\/\/traveladam.dk\/index.php?rest_route=\/wp\/v2\/pages\/1031","targetHints":{"allow":["GET"]}}],"collection":[{"href":"https:\/\/traveladam.dk\/index.php?rest_route=\/wp\/v2\/pages"}],"about":[{"href":"https:\/\/traveladam.dk\/index.php?rest_route=\/wp\/v2\/types\/page"}],"author":[{"embeddable":true,"href":"https:\/\/traveladam.dk\/index.php?rest_route=\/wp\/v2\/users\/1"}],"replies":[{"embeddable":true,"href":"https:\/\/traveladam.dk\/index.php?rest_route=%2Fwp%2Fv2%2Fcomments&post=1031"}],"version-history":[{"count":6,"href":"https:\/\/traveladam.dk\/index.php?rest_route=\/wp\/v2\/pages\/1031\/revisions"}],"predecessor-version":[{"id":1538,"href":"https:\/\/traveladam.dk\/index.php?rest_route=\/wp\/v2\/pages\/1031\/revisions\/1538"}],"wp:attachment":[{"href":"https:\/\/traveladam.dk\/index.php?rest_route=%2Fwp%2Fv2%2Fmedia&parent=1031"}],"curies":[{"name":"wp","href":"https:\/\/api.w.org\/{rel}","templated":true}]}}